{"id":43,"date":"2022-10-18T03:41:34","date_gmt":"2022-10-18T03:41:34","guid":{"rendered":"https:\/\/shtheme.com\/demosd\/luxex\/?page_id=43"},"modified":"2025-11-03T15:52:05","modified_gmt":"2025-11-03T12:52:05","slug":"gallery","status":"publish","type":"page","link":"https:\/\/huofcappadocia.com\/?page_id=43","title":{"rendered":"Galeri"},"content":{"rendered":"\t\t<div data-elementor-type=\"wp-page\" data-elementor-id=\"43\" class=\"elementor elementor-43\">\n\t\t\t\t\t\t<section class=\"elementor-section elementor-top-section elementor-element elementor-element-352d4f3 elementor-section-full_width elementor-section-height-default elementor-section-height-default\" data-id=\"352d4f3\" data-element_type=\"section\">\n\t\t\t\t\t\t<div class=\"elementor-container elementor-column-gap-no\">\n\t\t\t\t\t<div class=\"elementor-column elementor-col-100 elementor-top-column elementor-element elementor-element-6472e5d\" data-id=\"6472e5d\" data-element_type=\"column\">\n\t\t\t<div class=\"elementor-widget-wrap elementor-element-populated\">\n\t\t\t\t\t\t<div class=\"elementor-element elementor-element-bee3d41 elementor-align-left elementor-widget elementor-widget-bdevs-slider-two\" data-id=\"bee3d41\" data-element_type=\"widget\" data-widget_type=\"bdevs-slider-two.default\">\n\t\t\t\t<div class=\"elementor-widget-container\">\n\t\t\t\t\t\n\t\t<div class=\"upper-page bg-dark\" id=\"home\">\n            <!-- hero bg start -->\n            <div class=\"hero-fullscreen\">\n                <div class=\"hero-fullscreen-FIX\">\n                    <div class=\"hero-bg\">\n                        <!-- hero slider wrapper start -->\n                        <div class=\"swiper-container-wrapper\">\n                            <!-- swiper container start -->\n                            <div class=\"swiper-container swiper2\">\n                                <!-- swiper wrapper start -->\n                                <div class=\"swiper-wrapper\">\n                                    <!-- swiper slider item start -->\n                                    <div class=\"swiper-slide\">\n                                        <div class=\"swiper-slide-inner\">\n                                        \t                                            <!-- swiper slider item IMG start -->\n                                            <div class=\"swiper-slide-inner-bg bg-img-1 overlay overlay-dark\" style=\"background-image: url(https:\/\/shtheme.com\/demosd\/luxex\/wp-content\/uploads\/2022\/12\/1-9.jpg);\">\n                                            <\/div>\n                                            <!-- swiper slider item IMG end -->\n                                                                                        <!-- swiper slider item txt start -->\n                                            <div class=\"swiper-slide-inner-txt-2\">\n                                            \t                                                <div class=\"blog-tag blog-tag-light fadeIn-element\">Rahatlay\u0131n ve Tatilinizin Keyfini \u00c7\u0131kar\u0131n<\/div>\n                                                <div class=\"divider-m\"><\/div>\n                                                <!-- divider end -->\n                                                                                                <!-- section title start -->\n                                                <h1 class=\"hero-heading hero-heading-home fadeIn-element\">\n                                                    Foto\u011fraf Galeri                                                <\/h1>\n                                                <!-- section title end -->\n                                                <!-- divider start -->\n                                                <div class=\"divider-m\"><\/div>\n                                                <!-- divider end -->\n                                                                                                <!-- button start -->\n                                                <div class=\"more-wraper-center more-wraper-center-home fadeIn-element\">\n                                                    <a class=\"button button-effect\"  href=\"https:\/\/www.youtube.com\/watch?v=4_y9pwXjkkQ\">\n                                                        <div class=\"more-wraper-inner-home\">\n                                                            <i class=\"pulse\"><\/i>\n                                                            <div class=\"more-button-txt-center more-button-txt-center-home\">\n                                                                <span>Videoyu \u0130zle<\/span>\n                                                            <\/div>\n                                                        <\/div>\n                                                    <\/a>\n                                                <\/div>\n                                                <!-- button end -->\n                                                                            \n                                            <\/div>\n                                            <!-- swiper slider item txt end -->\n                                        <\/div>\n                                    <\/div>\n                                    <!-- swiper slider item end -->\n                                <\/div>\n                                <!-- swiper wrapper end -->   \n                            <\/div>\n                            <!-- swiper container end -->\n                        <\/div>\n                        <!-- hero slider wrapper end -->\n                    <\/div>\n                <\/div>\n            <\/div>\n            <!-- hero bg end -->\n            <!-- scroll indicator start -->\n            <div class=\"scroll-indicator\">\n                <div class=\"scroll-indicator-wrapper\">\n                    <div class=\"scroll-line fadeIn-element\"><\/div>\n                <\/div>\n            <\/div>\n            <!-- scroll indicator end -->\n        <\/div>\n        <!-- vertical lines start -->\n        <div class=\"vertical-lines-wrapper\">\n            <div class=\"vertical-lines\"><\/div>\n        <\/div>\n        <!-- vertical lines end -->\n\n  \n\t\t\t<\/div>\n\t\t\t\t<\/div>\n\t\t\t\t\t<\/div>\n\t\t<\/div>\n\t\t\t\t\t<\/div>\n\t\t<\/section>\n\t\t\t\t<section class=\"elementor-section elementor-top-section elementor-element elementor-element-1118567 elementor-section-full_width elementor-section-height-default elementor-section-height-default\" data-id=\"1118567\" data-element_type=\"section\">\n\t\t\t\t\t\t<div class=\"elementor-container elementor-column-gap-no\">\n\t\t\t\t\t<div class=\"elementor-column elementor-col-100 elementor-top-column elementor-element elementor-element-aef463d\" data-id=\"aef463d\" data-element_type=\"column\">\n\t\t\t<div class=\"elementor-widget-wrap elementor-element-populated\">\n\t\t\t\t\t\t<div class=\"elementor-element elementor-element-4420003 elementor-align-left elementor-widget elementor-widget-bdevs-Gallery\" data-id=\"4420003\" data-element_type=\"widget\" data-widget_type=\"bdevs-Gallery.default\">\n\t\t\t\t<div class=\"elementor-widget-container\">\n\t\t\t\t\t        <!-- gallery IMG start -->\n        <div id=\"gallery-img\" class=\"bg-light\">\n            <!-- divider start -->\n            <div class=\"divider-m-2\"><\/div>\n            <!-- divider end -->\n            <!-- container start -->\n            <div class=\"container-fluid\">\n                <!-- row start -->\n                <div class=\"row\">\n                    <!-- photoSwipe start -->\n                    <div class=\"legendary-gallery\">\n                    \t                        <!-- gallery item start -->\n                        <figure class=\"col-sm-12 col-md-4 hover-effect-img move-down\">\n                            <a data-size=\"1280x913\" href=\"https:\/\/huofcappadocia.com\/wp-content\/uploads\/2024\/09\/we1.jpg\"><img decoding=\"async\" alt=\"Image description\" class=\"img-responsive\" src=\"https:\/\/huofcappadocia.com\/wp-content\/uploads\/2024\/09\/we1.jpg\"><\/a>\n                            <figcaption>\n                                <span class=\"img-caption\">Image Description<\/span>\n                                <div class=\"hover-effect\"><\/div>\n                                <div class=\"hover-icons\">\n                                    <a class=\"ion-plus\" href=\"#\"><\/a>\n                                <\/div>\n                            <\/figcaption>\n                        <\/figure>\n                        <!-- gallery item end -->\n                    \t                        <!-- gallery item start -->\n                        <figure class=\"col-sm-12 col-md-4 hover-effect-img move-down\">\n                            <a data-size=\"1280x913\" href=\"https:\/\/huofcappadocia.com\/wp-content\/uploads\/2024\/09\/slider2.jpg\"><img decoding=\"async\" alt=\"Image description\" class=\"img-responsive\" src=\"https:\/\/huofcappadocia.com\/wp-content\/uploads\/2024\/09\/slider2.jpg\"><\/a>\n                            <figcaption>\n                                <span class=\"img-caption\">Image Description<\/span>\n                                <div class=\"hover-effect\"><\/div>\n                                <div class=\"hover-icons\">\n                                    <a class=\"ion-plus\" href=\"#\"><\/a>\n                                <\/div>\n                            <\/figcaption>\n                        <\/figure>\n                        <!-- gallery item end -->\n                    \t                        <!-- gallery item start -->\n                        <figure class=\"col-sm-12 col-md-4 hover-effect-img move-down\">\n                            <a data-size=\"1280x913\" href=\"https:\/\/huofcappadocia.com\/wp-content\/uploads\/2024\/09\/1001-gece-Deluxe-Cave-Room.jpg\"><img decoding=\"async\" alt=\"Image description\" class=\"img-responsive\" src=\"https:\/\/huofcappadocia.com\/wp-content\/uploads\/2024\/09\/1001-gece-Deluxe-Cave-Room.jpg\"><\/a>\n                            <figcaption>\n                                <span class=\"img-caption\">Image Description<\/span>\n                                <div class=\"hover-effect\"><\/div>\n                                <div class=\"hover-icons\">\n                                    <a class=\"ion-plus\" href=\"#\"><\/a>\n                                <\/div>\n                            <\/figcaption>\n                        <\/figure>\n                        <!-- gallery item end -->\n                    \t                        <!-- gallery item start -->\n                        <figure class=\"col-sm-12 col-md-4 hover-effect-img move-down\">\n                            <a data-size=\"1280x913\" href=\"https:\/\/huofcappadocia.com\/wp-content\/uploads\/2024\/09\/1003-King-Cave-Suite.jpg\"><img decoding=\"async\" alt=\"Image description\" class=\"img-responsive\" src=\"https:\/\/huofcappadocia.com\/wp-content\/uploads\/2024\/09\/1003-King-Cave-Suite.jpg\"><\/a>\n                            <figcaption>\n                                <span class=\"img-caption\">Image Description<\/span>\n                                <div class=\"hover-effect\"><\/div>\n                                <div class=\"hover-icons\">\n                                    <a class=\"ion-plus\" href=\"#\"><\/a>\n                                <\/div>\n                            <\/figcaption>\n                        <\/figure>\n                        <!-- gallery item end -->\n                    \t                        <!-- gallery item start -->\n                        <figure class=\"col-sm-12 col-md-4 hover-effect-img move-down\">\n                            <a data-size=\"1280x913\" href=\"https:\/\/huofcappadocia.com\/wp-content\/uploads\/2024\/09\/2006-Hurrem-Queen-Cave-Suite.jpg\"><img decoding=\"async\" alt=\"Image description\" class=\"img-responsive\" src=\"https:\/\/huofcappadocia.com\/wp-content\/uploads\/2024\/09\/2006-Hurrem-Queen-Cave-Suite.jpg\"><\/a>\n                            <figcaption>\n                                <span class=\"img-caption\">Image Description<\/span>\n                                <div class=\"hover-effect\"><\/div>\n                                <div class=\"hover-icons\">\n                                    <a class=\"ion-plus\" href=\"#\"><\/a>\n                                <\/div>\n                            <\/figcaption>\n                        <\/figure>\n                        <!-- gallery item end -->\n                    \t                        <!-- gallery item start -->\n                        <figure class=\"col-sm-12 col-md-4 hover-effect-img move-down\">\n                            <a data-size=\"1280x913\" href=\"https:\/\/huofcappadocia.com\/wp-content\/uploads\/2024\/09\/4003-MA-AILE-IMPERIAL-SUITE-2.jpg\"><img decoding=\"async\" alt=\"Image description\" class=\"img-responsive\" src=\"https:\/\/huofcappadocia.com\/wp-content\/uploads\/2024\/09\/4003-MA-AILE-IMPERIAL-SUITE-2.jpg\"><\/a>\n                            <figcaption>\n                                <span class=\"img-caption\">Image Description<\/span>\n                                <div class=\"hover-effect\"><\/div>\n                                <div class=\"hover-icons\">\n                                    <a class=\"ion-plus\" href=\"#\"><\/a>\n                                <\/div>\n                            <\/figcaption>\n                        <\/figure>\n                        <!-- gallery item end -->\n                    \t                    <\/div>\n                    <!-- photoSwipe end -->\n                <\/div>\n                <!-- row end -->\n            <\/div>\n            <!-- container end -->\n        <\/div>\n        <!-- gallery IMG end -->\n\t\t\t<\/div>\n\t\t\t\t<\/div>\n\t\t\t\t\t<\/div>\n\t\t<\/div>\n\t\t\t\t\t<\/div>\n\t\t<\/section>\n\t\t\t\t<section class=\"elementor-section elementor-top-section elementor-element elementor-element-eaf1f0b elementor-section-full_width elementor-section-height-default elementor-section-height-default\" data-id=\"eaf1f0b\" data-element_type=\"section\">\n\t\t\t\t\t\t<div class=\"elementor-container elementor-column-gap-no\">\n\t\t\t\t\t<div class=\"elementor-column elementor-col-100 elementor-top-column elementor-element elementor-element-153c897\" data-id=\"153c897\" data-element_type=\"column\">\n\t\t\t<div class=\"elementor-widget-wrap elementor-element-populated\">\n\t\t\t\t\t\t<div class=\"elementor-element elementor-element-0d2a7a1 elementor-align-left elementor-widget elementor-widget-bdevs-testimonials\" data-id=\"0d2a7a1\" data-element_type=\"widget\" data-widget_type=\"bdevs-testimonials.default\">\n\t\t\t\t<div class=\"elementor-widget-container\">\n\t\t\t\t\t        <div id=\"parallax-image\" class=\"section-all\">\n            <!-- container start -->\n            <div class=\"container-fluid\">\n                <!-- row start -->\n                <div class=\"row\">\n                \t\n                    <!-- parallax wrapper start -->\n                    <div class=\"parallax parallax-all parallax-image-bg-1\" style=\"background-image: url(https:\/\/huofcappadocia.com\/wp-content\/uploads\/2024\/09\/we1.jpg);\" data-parallax-speed=\"0.75\">\n\t                        <!-- parallax overlay start -->\n                        <div class=\"parallax-overlay\"><\/div>\n                        <!-- HTML5 video URL end -->\n                        <!-- parallax content start -->\n                        <div class=\"parallax-content\">\n                            <!-- line start -->\n                            <div class=\"the-line the-line-light\"><\/div>\n                            <!-- line end -->\n                            <!-- divider start -->\n                            <div class=\"divider-l\"><\/div>\n                            <!-- divider end -->\n                            <!-- testimonials start -->\n                            <div class=\"owl-carousel owl-carousel-testimonials\">\n                            \t                                <!-- testimonials quote start -->\n                                <div class=\"testimonial testimonial-2\">\n                                    <div class=\"inner\">\n                                        <div class=\"quote\">\n                                            <blockquote class=\"quote-inner\">\n                                                Kapadokya\u2019n\u0131n kalbi U\u00e7hisar\u2019da yer alan, geleneksel tarzda dekore edilmi\u015f l\u00fcks ma\u011fara ve ta\u015f odalar\u0131 ile size hizmet vermektedir.                                            <\/blockquote>\n                                        <\/div>\n                                    <\/div>\n                                <\/div>\n                                <!-- testimonials quote end -->\n                            \t                                <!-- testimonials quote start -->\n                                <div class=\"testimonial testimonial-2\">\n                                    <div class=\"inner\">\n                                        <div class=\"quote\">\n                                            <blockquote class=\"quote-inner\">\n                                                U\u00e7hisar\u2019\u0131n ma\u011faralar mahallesinde, Yeni Ma\u011fara \u00c7a\u011f\u0131n\u0131n bir ba\u015fka ba\u015fyap\u0131t\u0131 Hu Of Cappadocia\n                                            <\/blockquote>\n                                        <\/div>\n                                    <\/div>\n                                <\/div>\n                                <!-- testimonials quote end -->\n                            \t                                <!-- testimonials quote start -->\n                                <div class=\"testimonial testimonial-2\">\n                                    <div class=\"inner\">\n                                        <div class=\"quote\">\n                                            <blockquote class=\"quote-inner\">\n                                                Hu Of Cappadocia\u2019da Kapadokya b\u00f6lgesinin d\u00fcnyaca \u00fcnl\u00fc deneyimlerini ke\u015ffetmek i\u00e7in do\u011fru yer!                                            <\/blockquote>\n                                        <\/div>\n                                    <\/div>\n                                <\/div>\n                                <!-- testimonials quote end -->\n                            \t                            <\/div>\n                            <!-- testimonials end -->\n                            <!-- divider start -->\n                            <div class=\"divider-l\"><\/div>\n                            <!-- divider end -->\n                                                        <!-- button start -->\n                            <div class=\"more-wraper-center\">\n                                <a data-lity=\"\" href=\"https:\/\/huofcappadocia.com\/wp-content\/uploads\/2024\/09\/KYRA1209.mp4\">\n                                    <div class=\"more-button-bg-center more-button-circle\"><\/div>\n                                    <div class=\"more-button-txt-center\">\n                                        <span>Videoyu \u0130zle<\/span>\n                                    <\/div>\n                                <\/a>\n                            <\/div>\n                            <!-- button end -->\n                            <!-- divider start -->\n                            <div class=\"divider-l\"><\/div>\n                            <!-- divider end -->\n                        \t                            <!-- line start -->\n                            <div class=\"the-line the-line-light\"><\/div>\n                            <!-- line end -->\n                        <\/div>\n                        <!-- parallax content end -->\n                    <\/div>\n                    <!-- parallax wrapper end -->\n                <\/div>\n                <!-- row end -->\n            <\/div>\n            <!-- container end -->\n        <\/div>\n  \n        \t\t\t<\/div>\n\t\t\t\t<\/div>\n\t\t\t\t\t<\/div>\n\t\t<\/div>\n\t\t\t\t\t<\/div>\n\t\t<\/section>\n\t\t\t\t<section class=\"elementor-section elementor-top-section elementor-element elementor-element-5f98328 elementor-section-full_width elementor-section-height-default elementor-section-height-default\" data-id=\"5f98328\" data-element_type=\"section\">\n\t\t\t\t\t\t<div class=\"elementor-container elementor-column-gap-no\">\n\t\t\t\t\t<div class=\"elementor-column elementor-col-100 elementor-top-column elementor-element elementor-element-1cf6269\" data-id=\"1cf6269\" data-element_type=\"column\">\n\t\t\t<div class=\"elementor-widget-wrap elementor-element-populated\">\n\t\t\t\t\t\t<div class=\"elementor-element elementor-element-239d9f6 elementor-align-left elementor-widget elementor-widget-bdevs-video\" data-id=\"239d9f6\" data-element_type=\"widget\" data-widget_type=\"bdevs-video.default\">\n\t\t\t\t<div class=\"elementor-widget-container\">\n\t\t\t\t\t<!-- container start -->\r\n        <div class=\"container-fluid\">\r\n            <!-- row start -->\r\n            <div class=\"row\">\r\n                <!-- col start -->\r\n                <div class=\"col-lg-12\">\r\n                    <!-- divider start -->\r\n                    <div class=\"divider-l\"><\/div>\r\n                    <!-- divider end -->\r\n                    <!-- line start -->\r\n                    <div class=\"the-line\"><\/div>\r\n                    <!-- line end -->\r\n                    <!-- divider start -->\r\n                    <div class=\"divider-l\"><\/div>\r\n                    <!-- divider end -->\r\n                <\/div>\r\n                <!-- col end -->\r\n            <\/div>\r\n            <!-- row end -->\r\n            <!-- row start -->\r\n            <div class=\"row\">\r\n                <!-- col start -->\r\n                <div class=\"col-lg-12\">\r\n                    <!-- parallax wrapper start -->\r\n                    <div class=\"parallax-title\">\r\n                        <!-- HTML5 video URL start -->\r\n                        <video playsinline autoplay muted loop>\r\n                            <source src=\"https:\/\/www.11-76.com\/html5-videos-22\/luxex\/luxex.mp4\" type=\"video\/mp4\">\r\n                        <\/video>\r\n                        <!-- HTML5 video URL end -->\r\n                        <!-- page title start -->\r\n                        <div class=\"parallax-title-content\">\r\n                            Hu of<br>\n Cappadoc\u0131a                        <\/div>\r\n                        <!-- page title end -->\r\n                    <\/div>\r\n                    <!-- parallax wrapper end -->\r\n                <\/div>\r\n                <!-- col end -->\r\n            <\/div>\r\n            <!-- row end -->\r\n        <\/div>\r\n        <!-- container end -->\r\n\t\t\t<\/div>\n\t\t\t\t<\/div>\n\t\t\t\t\t<\/div>\n\t\t<\/div>\n\t\t\t\t\t<\/div>\n\t\t<\/section>\n\t\t\t\t<\/div>\n\t\t","protected":false},"excerpt":{"rendered":"<p>Rahatlay\u0131n ve Tatilinizin Keyfini \u00c7\u0131kar\u0131n Foto\u011fraf Galeri Videoyu \u0130zle Image Description Image Description Image Description Image Description Image Description Image Description Kapadokya\u2019n\u0131n kalbi U\u00e7hisar\u2019da yer alan, geleneksel tarzda dekore edilmi\u015f l\u00fcks ma\u011fara ve ta\u015f odalar\u0131 ile size hizmet vermektedir. U\u00e7hisar\u2019\u0131n ma\u011faralar mahallesinde, Yeni Ma\u011fara \u00c7a\u011f\u0131n\u0131n bir ba\u015fka ba\u015fyap\u0131t\u0131 Hu Of Cappadocia Hu Of Cappadocia\u2019da Kapadokya [&hellip;]<\/p>\n","protected":false},"author":1,"featured_media":0,"parent":0,"menu_order":0,"comment_status":"closed","ping_status":"closed","template":"page-templates\/home.php","meta":{"inline_featured_image":false,"_monsterinsights_skip_tracking":false,"_monsterinsights_sitenote_active":false,"_monsterinsights_sitenote_note":"","_monsterinsights_sitenote_category":0,"footnotes":""},"class_list":["post-43","page","type-page","status-publish","hentry"],"aioseo_notices":[],"_links":{"self":[{"href":"https:\/\/huofcappadocia.com\/index.php?rest_route=\/wp\/v2\/pages\/43","targetHints":{"allow":["GET"]}}],"collection":[{"href":"https:\/\/huofcappadocia.com\/index.php?rest_route=\/wp\/v2\/pages"}],"about":[{"href":"https:\/\/huofcappadocia.com\/index.php?rest_route=\/wp\/v2\/types\/page"}],"author":[{"embeddable":true,"href":"https:\/\/huofcappadocia.com\/index.php?rest_route=\/wp\/v2\/users\/1"}],"replies":[{"embeddable":true,"href":"https:\/\/huofcappadocia.com\/index.php?rest_route=%2Fwp%2Fv2%2Fcomments&post=43"}],"version-history":[{"count":35,"href":"https:\/\/huofcappadocia.com\/index.php?rest_route=\/wp\/v2\/pages\/43\/revisions"}],"predecessor-version":[{"id":1487,"href":"https:\/\/huofcappadocia.com\/index.php?rest_route=\/wp\/v2\/pages\/43\/revisions\/1487"}],"wp:attachment":[{"href":"https:\/\/huofcappadocia.com\/index.php?rest_route=%2Fwp%2Fv2%2Fmedia&parent=43"}],"curies":[{"name":"wp","href":"https:\/\/api.w.org\/{rel}","templated":true}]}}